{"id":1398,"date":"2018-03-28T09:37:31","date_gmt":"2018-03-28T09:37:31","guid":{"rendered":"http:\/\/thomasmejer.ch\/?page_id=1398"},"modified":"2025-08-19T13:08:41","modified_gmt":"2025-08-19T13:08:41","slug":"bio-de","status":"publish","type":"page","link":"https:\/\/thomasmejer.ch\/?page_id=1398&lang=de","title":{"rendered":"Bio"},"content":{"rendered":"<p><strong><img loading=\"lazy\" decoding=\"async\" data-attachment-id=\"2059\" data-permalink=\"https:\/\/thomasmejer.ch\/?attachment_id=2059\" data-orig-file=\"https:\/\/thomasmejer.ch\/wp-content\/uploads\/2019\/01\/kontradruck-60-1.jpg\" data-orig-size=\"1890,2835\" data-comments-opened=\"1\" data-image-meta=\"{&quot;aperture&quot;:&quot;2.8&quot;,&quot;credit&quot;:&quot;&quot;,&quot;camera&quot;:&quot;Canon EOS 5D Mark III&quot;,&quot;caption&quot;:&quot;&quot;,&quot;created_timestamp&quot;:&quot;1486854772&quot;,&quot;copyright&quot;:&quot;&quot;,&quot;focal_length&quot;:&quot;33&quot;,&quot;iso&quot;:&quot;3200&quot;,&quot;shutter_speed&quot;:&quot;0.016666666666667&quot;,&quot;title&quot;:&quot;&quot;,&quot;orientation&quot;:&quot;0&quot;}\" data-image-title=\"kontradruck-60\" data-image-description=\"\" data-image-caption=\"\" data-medium-file=\"https:\/\/thomasmejer.ch\/wp-content\/uploads\/2019\/01\/kontradruck-60-1-200x300.jpg\" data-large-file=\"https:\/\/thomasmejer.ch\/wp-content\/uploads\/2019\/01\/kontradruck-60-1-683x1024.jpg\" class=\"alignnone  wp-image-2059\" src=\"https:\/\/thomasmejer.ch\/wp-content\/uploads\/2019\/01\/kontradruck-60-1-200x300.jpg\" alt=\"\" width=\"787\" height=\"1181\" srcset=\"https:\/\/thomasmejer.ch\/wp-content\/uploads\/2019\/01\/kontradruck-60-1-200x300.jpg 200w, https:\/\/thomasmejer.ch\/wp-content\/uploads\/2019\/01\/kontradruck-60-1-768x1152.jpg 768w, https:\/\/thomasmejer.ch\/wp-content\/uploads\/2019\/01\/kontradruck-60-1-683x1024.jpg 683w, https:\/\/thomasmejer.ch\/wp-content\/uploads\/2019\/01\/kontradruck-60-1.jpg 1890w\" sizes=\"auto, (max-width: 787px) 100vw, 787px\" \/><\/strong><\/p>\n<p><strong>Thomas K.J. Mejer<\/strong> studierte Saxophon bei Urs Leimgruber (Jazzschule Luzern), Marcus Weiss (Konservatorium Luzern) und Mick Green (Dartington College of Art, UK) und Komposition bei Vinko Globokar, Per N\u00f8rgard und Michael Finnissy (Sussex University).<\/p>\n<p>Seine <a href=\"https:\/\/thomasmejer.ch\/?page_id=1702&amp;lang=de\">Kompositionen<\/a> wurden u.a. vom Allegri Quartet, BBC Singers, Ny Dansk Saxofon Kvartett, Cambridge New Music Players, Vision Saxophon Quartet, basel sinfonietta und Moskau New Music Ensemble aufgef\u00fchrt. Als Komponist besch\u00e4ftigt er sich seit einigen Jahren bevorzugt mit gestimmten Ger\u00e4uschen und anatomischen Rhythmen (Herzrhythmus, Puls, Atem). Mejer\u2019s Werke umfassen Solost\u00fccke bis Orchester und sind unter <em>Kompositionen<\/em> verzeichnet.<\/p>\n<p>Als <a href=\"https:\/\/thomasmejer.ch\/?page_id=1722&amp;lang=de\">Saxophonist<\/a> spezialisierte sich Mejer auf das Kontrabass-Saxophon und basslastige Formationen wie das <a href=\"http:\/\/www.kontra-trio.ch\/\" target=\"_blank\" rel=\"noopener noreferrer\">KONTRA-Trio<\/a> (ein Trio mit ultratiefen Blasinstrumenten), <a href=\"https:\/\/www.paschart.ch\/discography\/nautilus-2006\">TwoTubax<\/a> (Duo mit Peter A. Schmid), <a href=\"https:\/\/mx3.ch\/nashidela\" target=\"_blank\" rel=\"noopener noreferrer\">Nashi Dela<\/a> (Zeitgen\u00f6ssische russische &#8218;Lieder&#8216;), <a href=\"https:\/\/creativesources.bandcamp.com\/album\/arousal-city\" target=\"_blank\" rel=\"noopener noreferrer\">Masul<\/a> (Duo mit Paul Giallorenzo) sowie die in Chicago beheimateten <a href=\"https:\/\/www.jazzmusicarchives.com\/artist\/774th-street-quartet\" target=\"_blank\" rel=\"noopener noreferrer\">774th Street Quartet<\/a> und <a href=\"https:\/\/jazztimes.com\/reviews\/albums\/keefe-jacksons-likely-so-a-round-goal\/\" target=\"_blank\" rel=\"noopener noreferrer\">Keefe Jackson\u2019s Likely So<\/a>.<\/p>\n<p>Mit dem KONTRA-Trio war er auf Tourneen in England, Skandinavien, Russland, Indonesien und gastierte 2017 in Odessa am TwoDaysTwoNights-Festival sowie am Festival of electroacoustic music VOX ELECTRONICA in Lemberg. Einige f\u00fcr das KONTRA-Trio geschriebene Werke von Komponisten wie Phil Niblock, Alvin Lucier oder Frank Denyer sind auch auf CD dokumentiert.<\/p>\n<p>Er improvisierte Musik mit Martin Sch\u00fctz, Fredy Studer, Michael Zerang, Fred Lonberg-Holm, Keefe Jackson und vielen anderen.<\/p>\n<p>Mejer erhielt verschiedene Preise, u.a. Werkbeitrag 1993 und 1998 von Stadt und Kanton Luzern. 2004 Aufenthalt im Studio des Vereins Sister Cities Luzern-Chicago. 2013 erhielt er die M\u00f6glichkeit, 2 Monate mit dem PfeiferMobil durch den Balkan zu fahren. Ein Landis&amp;Gyr Atelierstipendium in 2017 in Budapest sowie 2019 in London nutze er f\u00fcr intensive kompositorische Arbeiten, u.a. auch f\u00fcr ein neues B\u00fchnenwerk zu Texten von Jos\u00e9 Saramago.<\/p>\n<p>Teilzeitlich unterrichtet Mejer an der Hochschule Musik Luzern u.a. Musikgeschichte und Improvisation und betreut f\u00fcr deren Bibliothek den Fachbereich Jazz, Ethno und Pop\/Rock.<\/p>\n<p><strong>Publikationen und Diskographie<\/strong><br \/>\nSeine <a href=\"https:\/\/thomasmejer.ch\/?page_id=1702&amp;lang=de\">Kompositionen<\/a> sind bei der <a href=\"https:\/\/www.musinfo.ch\/de\/personen\/komponisten\/?pers_id=34&amp;abc=M\" target=\"_blank\" rel=\"noopener noreferrer\">Schweizer Musikedition<\/a> erh\u00e4ltlich.<br \/>\n<a href=\"https:\/\/thomasmejer.ch\/?page_id=1861&amp;lang=de\">CD-Einspielungen<\/a> sind auf Labels wie earup, <a href=\"http:\/\/www.leorecords.com\/?th=1&amp;m=select&amp;id=CD_LR_440\" target=\"_blank\" rel=\"noopener noreferrer\">Leo Records<\/a>, <a href=\"https:\/\/moderecords.com\/catalog\/131niblock\/\">Mode Records<\/a> oder <a href=\"http:\/\/www.tzadik.com\/index.php?catalog=7082\" target=\"_blank\" rel=\"noopener noreferrer\">Tzadik<\/a> erh\u00e4ltlich.<\/p>\n<h2 id=\"tablepress-1-name\" class=\"tablepress-table-name tablepress-table-name-id-1\">Aus- und Weiterbildung<\/h2>\n\n<table id=\"tablepress-1\" class=\"tablepress tablepress-id-1\" aria-labelledby=\"tablepress-1-name\">\n<tbody class=\"row-striping row-hover\">\n<tr class=\"row-1\">\n\t<td class=\"column-1\">1979-1983<\/td><td class=\"column-2\">Saxophon bei Urs Leimgruber, Theorie bei Peter Sigrist u.a. (Jazzschule Luzern)<\/td>\n<\/tr>\n<tr class=\"row-2\">\n\t<td class=\"column-1\">1985-1989<\/td><td class=\"column-2\">Klassisches Saxophon bei Marcus Weiss, Theorie bei Josef Estermann u.a.<br \/>\n(Konservatorium Luzern, inkl. Instrumentallehrdiplom SMPV 5)<\/td>\n<\/tr>\n<tr class=\"row-3\">\n\t<td class=\"column-1\">1989-1990<\/td><td class=\"column-2\">Studium in Komposition bei Frank Denyer und Saxophon bei Mick Green<br \/>\n(Dartington College of Art, UK)<\/td>\n<\/tr>\n<tr class=\"row-4\">\n\t<td class=\"column-1\">1989-1991<\/td><td class=\"column-2\">International Summerschool, Dartington UK<br \/>\n1989 Komposition bei Anthony Powers (Cardiff), 1990 \"advanced composition\" <br \/>\nbei Per N\u00f8rgard (Denmark) und 1991 bei Vinko Globokar (Paris)<\/td>\n<\/tr>\n<tr class=\"row-5\">\n\t<td class=\"column-1\">1991-1992<\/td><td class=\"column-2\">postgrad. study in composition bei Philip Grange<br \/>\n(Exeter University, UK, inkl. Masters of Music)<\/td>\n<\/tr>\n<tr class=\"row-6\">\n\t<td class=\"column-1\">1992+1994<\/td><td class=\"column-2\">Darmst\u00e4dter Kurse f\u00fcr Neue Musik<\/td>\n<\/tr>\n<tr class=\"row-7\">\n\t<td class=\"column-1\">1994-1996<\/td><td class=\"column-2\">postgrad. study in composition bei Michael Finnissy<br \/>\n(Sussex University, UK, inkl. Ph.D in Music)<\/td>\n<\/tr>\n<tr class=\"row-8\">\n\t<td class=\"column-1\">1998<\/td><td class=\"column-2\">Meisterkurs der IMF Luzern bei Heinz Holliger<br \/>\n<\/td>\n<\/tr>\n<\/tbody>\n<\/table>\n\n<h2 id=\"tablepress-3-name\" class=\"tablepress-table-name tablepress-table-name-id-3\">Auszeichnungen<\/h2>\n\n<table id=\"tablepress-3\" class=\"tablepress tablepress-id-3\" aria-labelledby=\"tablepress-3-name\">\n<tbody class=\"row-striping row-hover\">\n<tr class=\"row-1\">\n\t<td class=\"column-1\">1990<\/td><td class=\"column-2\">Stipendium f\u00fcr \"advanced composition\" bei Per N\u00f8rgard an der International Summer School, Dartington, UK<\/td>\n<\/tr>\n<tr class=\"row-2\">\n\t<td class=\"column-1\">1991<\/td><td class=\"column-2\">Stipendium des Schweizerischen Tonk\u00fcnstlervereins f\u00fcr Kompositionsstudium bei <br \/>\nPhilip Grange an der Exeter University, UK<\/td>\n<\/tr>\n<tr class=\"row-3\">\n\t<td class=\"column-1\">1992<\/td><td class=\"column-2\">F\u00f6rderungspreis f\u00fcr Komposition der Marianne und Curt Dieneman-Stiftung<\/td>\n<\/tr>\n<tr class=\"row-4\">\n\t<td class=\"column-1\">1993<\/td><td class=\"column-2\">Werkbeitrag der Stadt und des Kantons Luzern f\u00fcr die Komposition des <br \/>\nSaxophonquartettes \"Sulpizianische Bilderwelt\"<\/td>\n<\/tr>\n<tr class=\"row-5\">\n\t<td class=\"column-1\">1995<\/td><td class=\"column-2\">Stipendienbeitrag der Jubil\u00e4umsstiftung SVB f\u00fcr Kompositionsstudium bei <br \/>\nMichael Finnissy an der Sussex University, UK<\/td>\n<\/tr>\n<tr class=\"row-6\">\n\t<td class=\"column-1\">1998<\/td><td class=\"column-2\">Werkbeitrag der Stadt und des Kantons Luzern im Bereich \"Szenische Musik\"<br \/>\nf\u00fcr das B\u00fchnenwerk \"Macula Matris\"<\/td>\n<\/tr>\n<tr class=\"row-7\">\n\t<td class=\"column-1\">2003<\/td><td class=\"column-2\">Atelier-Stipendium Chicago der St\u00e4dtepartnerschaft<\/td>\n<\/tr>\n<tr class=\"row-8\">\n\t<td class=\"column-1\">2013<\/td><td class=\"column-2\">Pfeifermobil der Otto Pfeifer Stiftung erm\u00f6glicht Reise durch den Balkan<\/td>\n<\/tr>\n<tr class=\"row-9\">\n\t<td class=\"column-1\">2017<\/td><td class=\"column-2\">Atelier-Stipendium Budapest der Landis &amp; Gyr Stifung<\/td>\n<\/tr>\n<tr class=\"row-10\">\n\t<td class=\"column-1\">2019<\/td><td class=\"column-2\">Atelier-Stipendium London der Landis &amp; Gyr Stifung<\/td>\n<\/tr>\n<\/tbody>\n<\/table>\n\n","protected":false},"excerpt":{"rendered":"<p>Thomas K.J. Mejer studierte Saxophon bei Urs Leimgruber (Jazzschule Luzern), Marcus Weiss (Konservatorium Luzern) und Mick Green (Dartington College of Art, UK) und Komposition bei Vinko Globokar, Per N\u00f8rgard und Michael Finnissy (Sussex University). Seine&hellip;<\/p>\n","protected":false},"author":2,"featured_media":0,"parent":0,"menu_order":0,"comment_status":"closed","ping_status":"closed","template":"","meta":{"footnotes":""},"tags":[],"wf_page_folders":[30],"class_list":["post-1398","page","type-page","status-publish","hentry"],"jetpack_shortlink":"https:\/\/wp.me\/P9MDJV-my","jetpack_sharing_enabled":true,"_links":{"self":[{"href":"https:\/\/thomasmejer.ch\/index.php?rest_route=\/wp\/v2\/pages\/1398","targetHints":{"allow":["GET"]}}],"collection":[{"href":"https:\/\/thomasmejer.ch\/index.php?rest_route=\/wp\/v2\/pages"}],"about":[{"href":"https:\/\/thomasmejer.ch\/index.php?rest_route=\/wp\/v2\/types\/page"}],"author":[{"embeddable":true,"href":"https:\/\/thomasmejer.ch\/index.php?rest_route=\/wp\/v2\/users\/2"}],"replies":[{"embeddable":true,"href":"https:\/\/thomasmejer.ch\/index.php?rest_route=%2Fwp%2Fv2%2Fcomments&post=1398"}],"version-history":[{"count":40,"href":"https:\/\/thomasmejer.ch\/index.php?rest_route=\/wp\/v2\/pages\/1398\/revisions"}],"predecessor-version":[{"id":2617,"href":"https:\/\/thomasmejer.ch\/index.php?rest_route=\/wp\/v2\/pages\/1398\/revisions\/2617"}],"wp:attachment":[{"href":"https:\/\/thomasmejer.ch\/index.php?rest_route=%2Fwp%2Fv2%2Fmedia&parent=1398"}],"wp:term":[{"taxonomy":"post_tag","embeddable":true,"href":"https:\/\/thomasmejer.ch\/index.php?rest_route=%2Fwp%2Fv2%2Ftags&post=1398"},{"taxonomy":"wf_page_folders","embeddable":true,"href":"https:\/\/thomasmejer.ch\/index.php?rest_route=%2Fwp%2Fv2%2Fwf_page_folders&post=1398"}],"curies":[{"name":"wp","href":"https:\/\/api.w.org\/{rel}","templated":true}]}}