{"id":1702,"date":"2018-04-15T20:15:13","date_gmt":"2018-04-15T20:15:13","guid":{"rendered":"http:\/\/thomasmejer.ch\/?page_id=1702"},"modified":"2024-06-09T10:17:23","modified_gmt":"2024-06-09T10:17:23","slug":"werke-de","status":"publish","type":"page","link":"https:\/\/thomasmejer.ch\/?page_id=1702&lang=de","title":{"rendered":"Kompositionen"},"content":{"rendered":"<p><img loading=\"lazy\" decoding=\"async\" data-attachment-id=\"2076\" data-permalink=\"https:\/\/thomasmejer.ch\/?attachment_id=2076\" data-orig-file=\"https:\/\/thomasmejer.ch\/wp-content\/uploads\/2019\/01\/Partiturausschnitt-1.jpg\" data-orig-size=\"1631,1120\" data-comments-opened=\"1\" data-image-meta=\"{&quot;aperture&quot;:&quot;0&quot;,&quot;credit&quot;:&quot;&quot;,&quot;camera&quot;:&quot;&quot;,&quot;caption&quot;:&quot;&quot;,&quot;created_timestamp&quot;:&quot;0&quot;,&quot;copyright&quot;:&quot;&quot;,&quot;focal_length&quot;:&quot;0&quot;,&quot;iso&quot;:&quot;0&quot;,&quot;shutter_speed&quot;:&quot;0&quot;,&quot;title&quot;:&quot;&quot;,&quot;orientation&quot;:&quot;0&quot;}\" data-image-title=\"Partiturausschnitt\" data-image-description=\"\" data-image-caption=\"\" data-medium-file=\"https:\/\/thomasmejer.ch\/wp-content\/uploads\/2019\/01\/Partiturausschnitt-1-300x206.jpg\" data-large-file=\"https:\/\/thomasmejer.ch\/wp-content\/uploads\/2019\/01\/Partiturausschnitt-1-1024x703.jpg\" class=\"alignnone  wp-image-2076\" src=\"https:\/\/thomasmejer.ch\/wp-content\/uploads\/2019\/01\/Partiturausschnitt-1-300x206.jpg\" alt=\"\" width=\"1105\" height=\"759\" srcset=\"https:\/\/thomasmejer.ch\/wp-content\/uploads\/2019\/01\/Partiturausschnitt-1-300x206.jpg 300w, https:\/\/thomasmejer.ch\/wp-content\/uploads\/2019\/01\/Partiturausschnitt-1-768x527.jpg 768w, https:\/\/thomasmejer.ch\/wp-content\/uploads\/2019\/01\/Partiturausschnitt-1-1024x703.jpg 1024w, https:\/\/thomasmejer.ch\/wp-content\/uploads\/2019\/01\/Partiturausschnitt-1.jpg 1631w\" sizes=\"auto, (max-width: 1105px) 100vw, 1105px\" \/><\/p>\n<p>Als Komponist besch\u00e4ftigt er sich seit Jahren bevorzugt mit gestimmten Ger\u00e4uschen und anatomischen Rhythmen (Herzrhythmus, Puls, Atem). Mejer\u2019s Werke umfassen Solost\u00fccke bis Orchester, absolute Musik bis Theatermusik, notierten Partituren bis Improvisationskonzepte.<\/p>\n<p>Eine Auswahl an Urauff\u00fchrungen findet sich unten, viele seiner Kompositionen sind bei der <strong><a href=\"https:\/\/www.musinfo.ch\/de\/personen\/komponisten\/?pers_id=34&amp;abc=M\" target=\"_blank\" rel=\"noopener noreferrer\">Schweizer Musikedition<\/a><\/strong> erh\u00e4ltlich.<\/p>\n<h1>Auswahl von Urauff\u00fchrungen<\/h1>\n<p><a href=\"https:\/\/www.youtube.com\/watch?v=X259guhLS1c\" target=\"_blank\" rel=\"noopener\"><strong><em>Graphite Scores<\/em><\/strong><\/a>, f\u00fcr 4 Bassquerfl\u00f6ten; <b><span lang=\"EN-US\">Sepia Bass4 (<\/span><\/b>Flora Karetka, Katrin Szamatulski, Rebecca Blau, Ksenija Franeta) <span lang=\"EN-US\">@ <\/span><span lang=\"EN-US\">zsuzsa\u2019s galerie Adligenswil Switzerland, 2.3. 2024 <\/span><\/p>\n<p>Quartett Nr. 7: <a href=\"https:\/\/www.youtube.com\/watch?v=JCwNmDC71T4\"><em><strong>&#8230; Now They Won&#8217;t Stop Coming<\/strong><\/em><\/a>, f\u00fcr Saxophone (ss, as, ts, bs);<br \/><strong>Uneven Same Saxophone Quartet<\/strong> (Manuela Villiger (ss), Eva-Maria Karbacher (as), Vera Wahl (ts), Silke Strahl (bs))\u00a0@ Mullbau Luzern, 19.10.2021<\/p>\n<p><em><strong><a href=\"https:\/\/www.youtube.com\/watch?v=SxHHNJAAolk\" target=\"_blank\" rel=\"noopener noreferrer\">Bildersog<\/a>, <\/strong><\/em>f\u00fcr sextet (fl, cl, bs, vn, vc, pno) und visuals;<br \/><strong>MCE Moscow Contemporary Music Ensemble &amp; Thomas Mejer &amp; Monika M\u00fcller<\/strong> (pictures and projections) @ Yeltsin-Centre, Yekaterinburg RU), \u00a07.10.2019<br \/>Weitere Auff\u00fchrungen: Organ and Chamber Philharmonics Hall Chelyabinsk, Art Centre \u00abZvezda-Moskino\u00bb Moscow, K\u00fcnstlerhaus Boswil; Farelhaus Biel; Neubad Luzern<\/p>\n<p><em><strong>Rusty Engines Resume<\/strong><\/em>, f\u00fcr Sextett (fl, cl, vn, vc, perc, pno); <strong>MCE Moscow Contemporary Music Ensemble<\/strong> @ Arkhangelsk Philharmonics (RUS), 2.11.2017<br \/>Weitere Auff\u00fchrungen: Music School Hall, Nyandoma, Marina Tchvetaeva Museum, Alexandrov, Moscow Music House Chamber Hall, Moscow<\/p>\n<p><a href=\"https:\/\/www.youtube.com\/watch?v=LmepZDhHu7E\" target=\"_blank\" rel=\"noopener noreferrer\"><em><strong>Macula Matris<\/strong><\/em><\/a>, f\u00fcr 7 T\u00e4nzer, 7 Sprecher und 7 Musiker (fl, cl, bn, trb, vc, harp, perc); <strong>Ensemble Phoenix<\/strong> Basel (Leitung J\u00fcrg Henneberger), <strong>TIP bewegungs-art-freiburg<\/strong> (Choreographie: Angelika Aechter), <strong>SprecherInnen SRF<\/strong> (Leitung: Ernst S\u00fcss) @ Neubad Luzern CH, 4.9.2015<br \/>Weitere Auff\u00fchrungen: Temple Allemand, La Chaux-de-Fonds; Kunsthaus Z\u00fcrich; Fonderie Kugler, Gen\u00e8ve; E-Werk Freiburg; Gare du Nord, Basel<\/p>\n<p><a href=\"https:\/\/www.youtube.com\/watch?v=BlUM8hjThzA\" target=\"_blank\" rel=\"noopener noreferrer\"><em><strong>Towards Capillary Attraction<\/strong><\/em><\/a>, f\u00fcr Tentett (fl, ob, cl, bn, hn, 2vn, va, vc, cb);<br \/><strong>Ensemble Montaigne<\/strong> (Andreas Brenner) @ Neubad Luzern CH, 5.10.2014<br \/>Weitere Auff\u00fchrungen: Chollerhalle Zug; Stanzerei Baden<\/p>\n<p><a href=\"https:\/\/www.youtube.com\/watch?v=DBDOGH0yJfw\" target=\"_blank\" rel=\"noopener noreferrer\"><em><strong>Princes\u2018 Balls<\/strong><\/em><\/a>, f\u00fcr Nonett (fl, cl, vn, vc, pno, perc, cbfl, cbs tuba);<br \/><strong>MCE Moscow Contemporary Music Ensemble &amp; KONTRA-Trio<\/strong> @ Centre for Contemporary Music Vinsavod, Moscow RU, 7.10.2013<br \/>Weitere Auff\u00fchrungen: Organ hall of Perm Philharmony; Theatre in the Stone Island St. Petersburg; Musikhochschule Z\u00fcrich; Marianischer Saal Luzern; Alte Kirche Boswil inkl. Tonaufnahme SRF2; Gare du Nord Basel<\/p>\n<p>Quartett Nr. 6: <a href=\"https:\/\/www.youtube.com\/watch?v=bRaxX6NSW0U\"><em><strong>Resonances<\/strong><\/em><\/a>, f\u00fcr 4 Kontrabass-Saxophone;<br \/><strong>Thomas K.J. Mejer<\/strong> @ Jazzfestival Willisau CH, 29.8.2010<\/p>\n<p><em><strong>P\u00f8shalsta<\/strong><\/em>, f\u00fcr fl, cb;<br \/><strong>Maria Fedotowa &amp; Wladimir Wolkow<\/strong> @ Anna Nova Art Gallery, St. Petersburg RU, 8.4.2006<\/p>\n<p><em><strong>Turbitide<\/strong><\/em>, f\u00fcr Streichorchester;<br \/>Kammerorchester <strong>ACERAS<\/strong> (Lukas Langlotz); @ Leonhardskirche Basel CH, 4.2.2006<\/p>\n<p><a href=\"https:\/\/www.youtube.com\/watch?v=Kj7wWgAvt1E\" target=\"_blank\" rel=\"noopener noreferrer\"><em><strong>Einmal ich und du: die Bombe im Herzen<\/strong><\/em><\/a>, f\u00fcr Quintett (fl, cl, vn, vc, pno);<br \/><strong>Ensemble Phoenix<\/strong> (J\u00fcrg Henneberger); @ Gare du Nord Basel CH, 22.&amp;23.4.2005<\/p>\n<p><em><strong>Tartarelischer Tanz IV<\/strong><\/em>, f\u00fcr 10 Bassinstrumente;<br \/><strong>Chicago Basses<\/strong> @ 3030, Chicago USA, 20.5.2004<\/p>\n<p><em><strong>sulphur<\/strong><\/em>, f\u00fcr 3 improvisierende Solisten und grosses Orchester;<br \/><strong>Koch-Sch\u00fctz-Studer &amp; basel sinfonietta<\/strong> (Peter Rundel) @ Lucerne Festival CH, 16.8.2002<\/p>\n<p>Quartett Nr. 4: <a href=\"https:\/\/www.youtube.com\/watch?v=TnLelV29D9k\"><em><strong>Lurking Loves<\/strong><\/em><\/a>, f\u00fcr 4 Bariton-Saxophone;<br \/><strong>New Danish Saxophone Quartet<\/strong> @ K\u00f8benhavn DK, 3.2.2001<\/p>\n<p>Quartett Nr. 3: <a href=\"https:\/\/www.youtube.com\/watch?v=yGqVfNj_wDE\"><em><strong>Frogland, No Princes!<\/strong><\/em><\/a>, f\u00fcr Saxophone (ss, as, ts, bs);<br \/><strong>Dansk Saxofonkvartet<\/strong> @ K\u00f8benhavn DK, 7.2.1999<\/p>\n<p><em><strong>Ahn-Nachtung<\/strong><\/em>, f\u00fcr Kammerorchester;<br \/><strong>Orchestre della Svizzera italiana<\/strong> @ Settimane Musicali d&#8217;Ascona, Locarno CH, 8.10.1998<\/p>\n<p>Quartett Nr. 2:\u00a0<a href=\"https:\/\/www.youtube.com\/watch?v=JCwNmDC71T4\"><em><strong>Dark Snow Falls upon the Bagpipers<\/strong><\/em><\/a>, f\u00fcr 4 Altsaxophone);<br \/>V<strong>ision Saxophone Quartet<\/strong> @ Chicago USA, 17.3.1995<\/p>\n<p><em><strong>Sex Crystals<\/strong><\/em>, f\u00fcr Sextett (fl, cl, hn, vn, vc, cb);<br \/><strong>Cambridge New Music Players<\/strong> @ Brighton Festival GB, 21.5.1994<\/p>\n<p>Quartett Nr. 1: <a href=\"https:\/\/www.youtube.com\/watch?v=vuM8SlllHWU\" target=\"_blank\" rel=\"noopener noreferrer\"><em><strong>Sulpizianische Bilderwelt<\/strong><\/em><\/a>, f\u00fcr Saxophone (ss, as, ts, bs);<br \/><strong>New Danish Saxophone Quartet<\/strong> @ Kopenhagen DK, 15.7.1993<\/p>\n<p><strong><em>Fish and Hips<\/em><\/strong>, f\u00fcr Viola solo;<br \/><strong>Charles Mutter<\/strong> @ Brighton Festival, Brighton GB, 22.5.1993<\/p>\n<p><em><strong>Specchio d&#8217;Anima<\/strong><\/em>, f\u00fcr Klavier solo;<br \/><strong>James Clapperton<\/strong> @ Exeter GB, 29.6.1992<\/p>\n<p><em><strong>Ouagadougou<\/strong><\/em>, f\u00fcr Sextett (fl, cl, vn, vc, xyl, pno);<br \/><strong>IXION Ensemble<\/strong> @ Dartington GB, 22.7.1991<\/p>\n<p><em><strong>Circle Aleatorik Nr. 1 &#8211; 6<\/strong><\/em>, f\u00fcr Oktett (fl, cl, as, bs, mph, 2tb, tuba);<br \/><strong>Neuphonisches Blasensemble<\/strong> @ Luzern CH, 22.2.1991<\/p>\n<p><em><strong>&#8222;Melius est &#8230;&#8220;<\/strong><\/em>, f\u00fcr 24-stimmigen Chor;<br \/><strong>BBC Singers<\/strong> @ Dartington GB, 23.8.1990<\/p>\n<p><em><strong>The Minstrel is Entering Virtual Reality<\/strong><\/em>, f\u00fcr Oktett (fl, cl, oboe, hn, harp, vn, va, vc);<br \/><strong>Jane Manings Minstrels<\/strong> @ Dartington GB, 24.8.1989<\/p>\n\n\n<p><\/p>\n","protected":false},"excerpt":{"rendered":"<p>Als Komponist besch\u00e4ftigt er sich seit Jahren bevorzugt mit gestimmten Ger\u00e4uschen und anatomischen Rhythmen (Herzrhythmus, Puls, Atem). Mejer\u2019s Werke umfassen Solost\u00fccke bis Orchester, absolute Musik bis Theatermusik, notierten Partituren bis Improvisationskonzepte. Eine Auswahl an Urauff\u00fchrungen&hellip;<\/p>\n","protected":false},"author":2,"featured_media":0,"parent":0,"menu_order":0,"comment_status":"closed","ping_status":"closed","template":"","meta":{"footnotes":""},"tags":[],"wf_page_folders":[32],"class_list":["post-1702","page","type-page","status-publish","hentry"],"jetpack_shortlink":"https:\/\/wp.me\/P9MDJV-rs","jetpack_sharing_enabled":true,"_links":{"self":[{"href":"https:\/\/thomasmejer.ch\/index.php?rest_route=\/wp\/v2\/pages\/1702","targetHints":{"allow":["GET"]}}],"collection":[{"href":"https:\/\/thomasmejer.ch\/index.php?rest_route=\/wp\/v2\/pages"}],"about":[{"href":"https:\/\/thomasmejer.ch\/index.php?rest_route=\/wp\/v2\/types\/page"}],"author":[{"embeddable":true,"href":"https:\/\/thomasmejer.ch\/index.php?rest_route=\/wp\/v2\/users\/2"}],"replies":[{"embeddable":true,"href":"https:\/\/thomasmejer.ch\/index.php?rest_route=%2Fwp%2Fv2%2Fcomments&post=1702"}],"version-history":[{"count":44,"href":"https:\/\/thomasmejer.ch\/index.php?rest_route=\/wp\/v2\/pages\/1702\/revisions"}],"predecessor-version":[{"id":2602,"href":"https:\/\/thomasmejer.ch\/index.php?rest_route=\/wp\/v2\/pages\/1702\/revisions\/2602"}],"wp:attachment":[{"href":"https:\/\/thomasmejer.ch\/index.php?rest_route=%2Fwp%2Fv2%2Fmedia&parent=1702"}],"wp:term":[{"taxonomy":"post_tag","embeddable":true,"href":"https:\/\/thomasmejer.ch\/index.php?rest_route=%2Fwp%2Fv2%2Ftags&post=1702"},{"taxonomy":"wf_page_folders","embeddable":true,"href":"https:\/\/thomasmejer.ch\/index.php?rest_route=%2Fwp%2Fv2%2Fwf_page_folders&post=1702"}],"curies":[{"name":"wp","href":"https:\/\/api.w.org\/{rel}","templated":true}]}}