{"id":1722,"date":"2018-09-30T09:20:17","date_gmt":"2018-09-30T09:20:17","guid":{"rendered":"http:\/\/thomasmejer.ch\/?page_id=1722"},"modified":"2025-08-19T13:34:07","modified_gmt":"2025-08-19T13:34:07","slug":"sax-de","status":"publish","type":"page","link":"https:\/\/thomasmejer.ch\/?page_id=1722&lang=de","title":{"rendered":"Saxophon"},"content":{"rendered":"<p><img loading=\"lazy\" decoding=\"async\" data-attachment-id=\"2051\" data-permalink=\"https:\/\/thomasmejer.ch\/?attachment_id=2051\" data-orig-file=\"https:\/\/thomasmejer.ch\/wp-content\/uploads\/2019\/01\/EA090611-14.jpg\" data-orig-size=\"5616,3744\" data-comments-opened=\"1\" data-image-meta=\"{&quot;aperture&quot;:&quot;2.8&quot;,&quot;credit&quot;:&quot;Emanuel Ammon\/ Aura Fotoagentur&quot;,&quot;camera&quot;:&quot;Canon EOS-1Ds Mark III&quot;,&quot;caption&quot;:&quot;&quot;,&quot;created_timestamp&quot;:&quot;1244764720&quot;,&quot;copyright&quot;:&quot;Copyright Aura Fotoagentur&quot;,&quot;focal_length&quot;:&quot;173&quot;,&quot;iso&quot;:&quot;1600&quot;,&quot;shutter_speed&quot;:&quot;0.025&quot;,&quot;title&quot;:&quot;Thomas Mejer&quot;,&quot;orientation&quot;:&quot;1&quot;}\" data-image-title=\"Thomas Mejer\" data-image-description=\"\" data-image-caption=\"\" data-medium-file=\"https:\/\/thomasmejer.ch\/wp-content\/uploads\/2019\/01\/EA090611-14-300x200.jpg\" data-large-file=\"https:\/\/thomasmejer.ch\/wp-content\/uploads\/2019\/01\/EA090611-14-1024x683.jpg\" class=\"wp-image-2051 aligncenter\" src=\"https:\/\/thomasmejer.ch\/wp-content\/uploads\/2019\/01\/EA090611-14-300x200.jpg\" alt=\"\" width=\"785\" height=\"523\" srcset=\"https:\/\/thomasmejer.ch\/wp-content\/uploads\/2019\/01\/EA090611-14-300x200.jpg 300w, https:\/\/thomasmejer.ch\/wp-content\/uploads\/2019\/01\/EA090611-14-768x512.jpg 768w, https:\/\/thomasmejer.ch\/wp-content\/uploads\/2019\/01\/EA090611-14-1024x683.jpg 1024w\" sizes=\"auto, (max-width: 785px) 100vw, 785px\" \/><\/p>\n<p>Als Saxophonist spezialisierte sich Mejer auf das Kontrabass-Saxophon und basslastige Formationen wie das <a href=\"http:\/\/www.kontra-trio.ch\/\" target=\"_blank\" rel=\"noopener noreferrer\">KONTRA-Trio<\/a> (ein Trio mit ultratiefen Blasinstrumenten), <a href=\"https:\/\/www.paschart.ch\/discography\/nautilus-2006\">TwoTubax<\/a> (Duo mit Peter A. Schmid), <a href=\"https:\/\/mx3.ch\/nashidela\" target=\"_blank\" rel=\"noopener noreferrer\">Nashi Dela<\/a> (Zeitgen\u00f6ssische russische &#8218;Lieder&#8216;), <a href=\"https:\/\/creativesources.bandcamp.com\/album\/arousal-city\">Masul<\/a> (Duo mit Paul Giallorenzo) sowie die in Chicago beheimateten <a href=\"https:\/\/www.jazzmusicarchives.com\/artist\/774th-street-quartet\" target=\"_blank\" rel=\"noopener noreferrer\">774th Street Quartet<\/a> und <a href=\"https:\/\/jazztimes.com\/reviews\/albums\/keefe-jacksons-likely-so-a-round-goal\/\" target=\"_blank\" rel=\"noopener noreferrer\">Keefe Jackson\u2019s Likely So<\/a>.<\/p>\n<p>Er improvisierte Musik mit Martin Sch\u00fctz, Fredy Studer, Michael Zerang, Fred Lonberg-Holm, Keefe Jackson und vielen anderen.<\/p>\n<p>Nebst gelegentlichen Auftritten als Solist, arbeitet er oft auch in Projekten mit anderen Kunstparten wie Lyrik, Theater, Film und Tanz.<\/p>\n<p><strong>KONTRA-Trio<\/strong> \u00a0 <a href=\"http:\/\/www.kontra-trio.ch\/\" target=\"_blank\" rel=\"noopener noreferrer\">www.kontra-trio.ch<\/a><br \/>\nMadeleine Bischof <em>(contrabass-flute), <\/em>Thomas K.J. Mejer<em> (contrabass-saxophone), <\/em>Leo Bachmann <em>(tuba)<\/em><\/p>\n<p><img loading=\"lazy\" decoding=\"async\" data-attachment-id=\"1730\" data-permalink=\"https:\/\/thomasmejer.ch\/?attachment_id=1730\" data-orig-file=\"https:\/\/thomasmejer.ch\/wp-content\/uploads\/2018\/09\/KONTRA-Trio14.jpg\" data-orig-size=\"3905,2714\" data-comments-opened=\"1\" data-image-meta=\"{&quot;aperture&quot;:&quot;6.3&quot;,&quot;credit&quot;:&quot;Natalie Boo\/ Aura&quot;,&quot;camera&quot;:&quot;Canon EOS 5D&quot;,&quot;caption&quot;:&quot;&quot;,&quot;created_timestamp&quot;:&quot;1244489153&quot;,&quot;copyright&quot;:&quot;Copyright Aura Fotoagentur&quot;,&quot;focal_length&quot;:&quot;25&quot;,&quot;iso&quot;:&quot;800&quot;,&quot;shutter_speed&quot;:&quot;0.016666666666667&quot;,&quot;title&quot;:&quot;Contra Trio&quot;,&quot;orientation&quot;:&quot;1&quot;}\" data-image-title=\"Contra Trio\" data-image-description=\"\" data-image-caption=\"\" data-medium-file=\"https:\/\/thomasmejer.ch\/wp-content\/uploads\/2018\/09\/KONTRA-Trio14-300x209.jpg\" data-large-file=\"https:\/\/thomasmejer.ch\/wp-content\/uploads\/2018\/09\/KONTRA-Trio14-1024x712.jpg\" class=\"alignnone wp-image-1730\" src=\"https:\/\/thomasmejer.ch\/wp-content\/uploads\/2018\/09\/KONTRA-Trio14-300x209.jpg\" alt=\"\" width=\"719\" height=\"501\" srcset=\"https:\/\/thomasmejer.ch\/wp-content\/uploads\/2018\/09\/KONTRA-Trio14-300x209.jpg 300w, https:\/\/thomasmejer.ch\/wp-content\/uploads\/2018\/09\/KONTRA-Trio14-768x534.jpg 768w, https:\/\/thomasmejer.ch\/wp-content\/uploads\/2018\/09\/KONTRA-Trio14-1024x712.jpg 1024w\" sizes=\"auto, (max-width: 719px) 100vw, 719px\" \/><\/p>\n<p>Seit 1992 setzen Madeleine Bischof, Thomas K.J. Mejer und Leo Bachmann ihre riesigen Kontrabass-Blasinstrumente als unersch\u00f6pfliche Klangquellen ein. Das Trio sucht Musik abseits des Mainstreams, versucht den Spagat zwischen Einheimischem und Internationalem sinnvoll zu gestalten, den Frauenanteil in der neuen Musik zu pflegen und ungew\u00f6hnliche Orte zu bespielen.<\/p>\n<p>Die einzigartige Besetzung beinhaltet, dass fast nur Originalkompositionen gespielt werden. F\u00fcr das KONTRA-Trio komponierten u.a. Katharina Rosenberger, Hae-Kyung Choi, Frank Denyer, Alvin Lucier, Phill Niblock (siehe <a href=\"http:\/\/kontra-trio.ch\/repertory\/\" target=\"_blank\" rel=\"noopener noreferrer\">Repertory<\/a>).\u00a0Alle Programme sind leicht neben dem Mainstream der Zeitgen\u00f6ssischen Musik.<\/p>\n<p>Im Jahre 2000 wurde das KONTRA-Trio eingeladen am &#8222;Trance and Drones&#8220;\u00a0 Festival in Freiburg (D), am New Music Festival &#8222;Music factory&#8220; in Bergen (N) und am &#8222;100. Schweizerisches Tonk\u00fcnstlerfest&#8220; im Engadin (CH) zu spielen. 2001 spielte das KONTRA-Trio das Programm &#8222;Resonances&#8220; in England (Dartington, Bristol und London) sowie &#8222;Different Drones&#8220; in Bali (Indonesien). Innerhalb des &#8222;soundways&#8220; Festival in St. Petersburg wurden etliche Schweizer Werke (Zimmerlin, M\u00e4der, Mejer) teils uraufgef\u00fchrt. Nebst workshops\/masterclasses an den Konservatorien in St. Petersburg und Moskau, sowie einem Konzert im DOM in Moskau, bildete die Zusammenarbeit und Konzerte mit zwei ThereminspielerInnen (Kavina, Aksenova) und &#8222;las halmas&#8220; H\u00f6hepunkte dieser Russlandtournee. Im Februar 2003 hat das KONTRA-Trio anl\u00e4sslich einer Tournee in Lettland am Festival &#8222;Saxophonia&#8220; in Riga teilgenommen.<\/p>\n<p>Die abendf\u00fcllende Klanginstallation von Leo Bachmann \u201eJeux Circulaires\u201c f\u00fcr das Trio und 8 Lautsprecher sowie \u201eHimmlische Tinkturen\u201c von Madeleine Bischof f\u00fcr das KONTRA-Trio und 49 Querfl\u00f6ten-SpielerInnen wurden mehrmals in der Schweiz aufgef\u00fchrt.<\/p>\n<p>Auf der Tournee\u201eStravinskij Revisited\u201c &#8211; zusammen mit dem Moscow Contemporary Music Ensemble MCME &#8211; wurden 2013 Kompositionen von Vladimir Gorlinskij, Katharina Rosenberger, Vladimir Rannev, Roland Moser, Thomas K. J. Mejer in Moskau, Perm, St. Petersburg, Z\u00fcrich, Luzern, Boswil, Basel uraufgef\u00fchrt.<\/p>\n<p>2017 gastierte das Trio am Festival\u00a0<em>Two Days And Two Nights Of New Music<\/em> in Odessa sowie am Festival of Electroacoustic Music <em>VOX ELECTRONICA<\/em> in Lemberg.<\/p>\n<p>Einige f\u00fcr das KONTRA-Trio geschriebenen Werke von Komponisten wie Phil Niblock, Alvin Lucier oder Frank Denyer sind auch auf CD erschienen.<\/p>\n<p><strong>Discographie KONTRA-Trio<\/strong><\/p>\n<p><strong>Jeux Circulaires<\/strong>, betweenthelines BTLCHR71226\u00a92010; composition and sound-installation by Leo Bachmann<\/p>\n<p><strong>vulnerable spaces<\/strong>, earup CD 1009 \u00a92007; works by Alvin Lucier; Hae Kyung Choi; Hans-Joachim Hespos; Thomas K.J. Mejer<\/p>\n<p><strong>Disseminate<\/strong>\u00a0{Phill Niblock}, mode records new york,\u00a0 mode 131\u00a0 \u00a92004; 3 compositions by Phill Niblock incl. &#8222;Kontradictionaries&#8220; (written for the KONTRA-Trio)<\/p>\n<p><strong>Fired City<\/strong> {Frank Denyer}\u00a0 TZADIK Records TZ 7082\u00a0\u00a0 \u00a92002; 6 compositions by Frank Denyer incl. \u201eResonances of Ancient Sins\u201c (written for the KONTRA-Trio)<\/p>\n<p><strong>diligent places<\/strong> stv\/asm 005 \/ earup 1005\u00a0 \u00a91999; with works by Thomas K.J. Mejer and Leo Bachmann<\/p>\n<p><strong>Compositions for Contrabass-Saxophone<\/strong> Thomas K.J. Mejer earup CD 1003\u00a0 \u00a91996, 10 compositions incl. \u201eResonances of Ancient Sins\u201c by Frank Denyer (written for the KONTRA-Trio)<\/p>\n<p><strong>Presse KONTRA-Trio<\/strong><\/p>\n<p style=\"text-align: left;\">&#8230;der Name Strawinsky und seine \u201eHistoire\u201c stehen f\u00fcr eine Moderne abseits jeder Dogmatik&#8230;<br \/>\n<em>Thomas Mejers Suite setzte&#8230;.. das Thema am handgreiflichsten um, mit Bez\u00fcgen zur insistierenden Rhythmik wie zur individuellen Klanglichkeit der \u201eHistoire\u201c.<\/em><\/p>\n<p style=\"text-align: right;\">Pirmin Bossart, Zentralschweiz am Sonntag, 27.10.2013<\/p>\n<p>Zusammengehalten &#8230;&#8230;&#8230;. von Inspirationen durch Thomas K. J. Mejers Tanzsuite \u00abPrinces&#8216; Balls\u00bb.<br \/>\n<em>Der 1970 in Moskau geborene Vladimir Rannev l\u00e4sst in seinem \u00abCold&#8217;n&#8217;Hot Dance Trio\u00bb die \u00e4therisch hohen Kl\u00e4nge von Kontrabassfl\u00f6te (Madeleine Bischof), Kontrabasssaxofon (Thomas K. J. Mejer) und Tuba (Leo Bischof) in eine ganz k\u00f6rperhafte Tiefe st\u00fcrzen, um sich dann im Raum dazwischen zu positionieren&#8230;&#8230;&#8230;&#8230;.<\/em><\/p>\n<p style=\"text-align: right;\">J\u00fcrg Huber, Neue Z\u00fcrcher Zeitung 26.10.2013<\/p>\n<p>Dunkle Texturen aus Tiefenwelten<br \/>\n<em>Klangwelten, wie man sie in der aufgedrehten Schrill-Welt von heute selten h\u00f6rt. Musik die sich aus elementaren Klangkernen und ihren Schwingungen bildet, die atemhaft und k\u00f6rperlich wird.<\/em><\/p>\n<p style=\"text-align: right;\">Pirmin Bossart, Luzerner Zeitung,\u00a0 03.12.2012<\/p>\n<p>nicht nur h\u00f6r-, sondern auch sp\u00fcrbar<br \/>\n<em>&#8230;&#8230;&#8230;&#8230;..dass sich die Vibration bei den lauten, dr\u00f6hnenden Passagen im ganzen Raum bemerkbar macht: Der Klang ist nicht nur h\u00f6r-, sondern auch sp\u00fcrbar.<\/em><\/p>\n<p style=\"text-align: right;\">Rebekka Meyer, Tagesanzeiger, 17.11.2012<\/p>\n<p>free\u2018n\u2018easy<br \/>\n<em>Tiefe Eindr\u00fccke hinterl\u00e4sst das KONTRA-Trio auf \u201eJeux Circulaires\u201c. &#8230; Es ist, als w\u00fcrde man einen dunklen Raum betreten, in dem man erst nach und nach Konturen ausmacht &#8230;<\/em><\/p>\n<p style=\"text-align: right;\">Wolf Kampmann, jazzthing Februar\/M\u00e4rz 2011<\/p>\n<p>Tiefenwirkung<br \/>\n<em>Sie haben sich den langsamen Schallwellen verschrieben: Das Kontra-Trio erzeugt mit \u00fcbergrossen Blasinstrumenten in der Tiefe wuchernde Kl\u00e4nge. Diese erinnern einmal an das Tuten eines Dampfschiffs, ein andermal an r\u00f6hrende Riesens\u00e4ugetiere. In ihrer Erdigkeit wirken sie auf den H\u00f6rer seltsam meditativ. &#8230;<\/em><\/p>\n<p style=\"text-align: right;\">Michelle Ziegler, Neue Z\u00fcrcher Zeitung, 6.1.2011<\/p>\n","protected":false},"excerpt":{"rendered":"<p>Als Saxophonist spezialisierte sich Mejer auf das Kontrabass-Saxophon und basslastige Formationen wie das KONTRA-Trio (ein Trio mit ultratiefen Blasinstrumenten), TwoTubax (Duo mit Peter A. Schmid), Nashi Dela (Zeitgen\u00f6ssische russische &#8218;Lieder&#8216;), Masul (Duo mit Paul Giallorenzo)&hellip;<\/p>\n","protected":false},"author":2,"featured_media":0,"parent":0,"menu_order":0,"comment_status":"closed","ping_status":"closed","template":"","meta":{"footnotes":""},"tags":[],"wf_page_folders":[33],"class_list":["post-1722","page","type-page","status-publish","hentry"],"jetpack_shortlink":"https:\/\/wp.me\/P9MDJV-rM","jetpack_sharing_enabled":true,"_links":{"self":[{"href":"https:\/\/thomasmejer.ch\/index.php?rest_route=\/wp\/v2\/pages\/1722","targetHints":{"allow":["GET"]}}],"collection":[{"href":"https:\/\/thomasmejer.ch\/index.php?rest_route=\/wp\/v2\/pages"}],"about":[{"href":"https:\/\/thomasmejer.ch\/index.php?rest_route=\/wp\/v2\/types\/page"}],"author":[{"embeddable":true,"href":"https:\/\/thomasmejer.ch\/index.php?rest_route=\/wp\/v2\/users\/2"}],"replies":[{"embeddable":true,"href":"https:\/\/thomasmejer.ch\/index.php?rest_route=%2Fwp%2Fv2%2Fcomments&post=1722"}],"version-history":[{"count":46,"href":"https:\/\/thomasmejer.ch\/index.php?rest_route=\/wp\/v2\/pages\/1722\/revisions"}],"predecessor-version":[{"id":2628,"href":"https:\/\/thomasmejer.ch\/index.php?rest_route=\/wp\/v2\/pages\/1722\/revisions\/2628"}],"wp:attachment":[{"href":"https:\/\/thomasmejer.ch\/index.php?rest_route=%2Fwp%2Fv2%2Fmedia&parent=1722"}],"wp:term":[{"taxonomy":"post_tag","embeddable":true,"href":"https:\/\/thomasmejer.ch\/index.php?rest_route=%2Fwp%2Fv2%2Ftags&post=1722"},{"taxonomy":"wf_page_folders","embeddable":true,"href":"https:\/\/thomasmejer.ch\/index.php?rest_route=%2Fwp%2Fv2%2Fwf_page_folders&post=1722"}],"curies":[{"name":"wp","href":"https:\/\/api.w.org\/{rel}","templated":true}]}}